{"id":43,"date":"2020-12-30T09:08:05","date_gmt":"2020-12-30T09:08:05","guid":{"rendered":"https:\/\/s24guvenlik.com\/?page_id=43"},"modified":"2021-01-07T12:29:24","modified_gmt":"2021-01-07T12:29:24","slug":"kurumsal","status":"publish","type":"page","link":"https:\/\/s24guvenlik.com\/?page_id=43","title":{"rendered":"KURUMSAL"},"content":{"rendered":"\t\t<div data-elementor-type=\"wp-page\" data-elementor-id=\"43\" class=\"elementor elementor-43\" data-elementor-settings=\"[]\">\n\t\t\t\t\t\t<div class=\"elementor-inner\">\n\t\t\t\t\t\t\t<div class=\"elementor-section-wrap\">\n\t\t\t\t\t\t\t<section class=\"elementor-section elementor-top-section elementor-element elementor-element-93e7898 elementor-section-boxed elementor-section-height-default elementor-section-height-default\" data-id=\"93e7898\" data-element_type=\"section\">\n\t\t\t\t\t\t<div class=\"elementor-container elementor-column-gap-default\">\n\t\t\t\t\t\t\t<div class=\"elementor-row\">\n\t\t\t\t\t<div class=\"elementor-column elementor-col-50 elementor-top-column elementor-element elementor-element-9b58c21\" data-id=\"9b58c21\" data-element_type=\"column\">\n\t\t\t<div class=\"elementor-column-wrap elementor-element-populated\">\n\t\t\t\t\t\t\t<div class=\"elementor-widget-wrap\">\n\t\t\t\t\t\t<div class=\"elementor-element elementor-element-1b8870a elementor-widget elementor-widget-image\" data-id=\"1b8870a\" data-element_type=\"widget\" data-widget_type=\"image.default\">\n\t\t\t\t<div class=\"elementor-widget-container\">\n\t\t\t\t\t<div class=\"elementor-image\">\n\t\t\t\t\t\t\t\t\t\t<img loading=\"lazy\" decoding=\"async\" width=\"640\" height=\"317\" src=\"https:\/\/s24guvenlik.com\/wp-content\/uploads\/2021\/01\/Resim-186.jpg\" class=\"attachment-large size-large\" alt=\"\" srcset=\"https:\/\/s24guvenlik.com\/wp-content\/uploads\/2021\/01\/Resim-186.jpg 640w, https:\/\/s24guvenlik.com\/wp-content\/uploads\/2021\/01\/Resim-186-300x149.jpg 300w\" sizes=\"(max-width: 640px) 100vw, 640px\" \/>\t\t\t\t\t\t\t\t\t\t\t<\/div>\n\t\t\t\t<\/div>\n\t\t\t\t<\/div>\n\t\t\t\t\t\t<\/div>\n\t\t\t\t\t<\/div>\n\t\t<\/div>\n\t\t\t\t<div class=\"elementor-column elementor-col-50 elementor-top-column elementor-element elementor-element-0be1f60\" data-id=\"0be1f60\" data-element_type=\"column\">\n\t\t\t<div class=\"elementor-column-wrap elementor-element-populated\">\n\t\t\t\t\t\t\t<div class=\"elementor-widget-wrap\">\n\t\t\t\t\t\t<div class=\"elementor-element elementor-element-0601438 elementor-invisible elementor-widget elementor-widget-text-editor\" data-id=\"0601438\" data-element_type=\"widget\" data-settings=\"{&quot;_animation&quot;:&quot;none&quot;}\" data-widget_type=\"text-editor.default\">\n\t\t\t\t<div class=\"elementor-widget-container\">\n\t\t\t\t\t<div class=\"elementor-text-editor elementor-clearfix\"><h4><span style=\"color: #b01917;\"><b>KURULU\u015e<\/b><\/span><\/h4><p>Devletimizin 26.06.2004 tarihinde \u00e7\u0131karm\u0131\u015f oldu\u011fu 5188 say\u0131l\u0131 \u00d6zel G\u00fcvenlik Yasas\u0131\u2019na istinaden, \u015firketimiz 2018 y\u0131l\u0131nda \u00d6zel G\u00fcvenlik \u015eirketi Faaliyet \u0130zin Belgesi\u2019ni alarak faaliyetlerine ba\u015flam\u0131\u015ft\u0131r.<\/p><p>\u015eirketimiz yeni olmas\u0131na ra\u011fmen sekt\u00f6r deneyimimiz, \u00d6zel G\u00fcvenlik\u2019in T\u00fcrkiye\u2019de faaliyete ba\u015flad\u0131\u011f\u0131 ilk y\u0131llara dayanmaktad\u0131r. Nitekim kurucular\u0131m\u0131z daha \u00f6nce Vadi G\u00fcvenlik, Plato G\u00fcvenlik ve DFT Grup \u00d6zel G\u00fcvenlik firmalar\u0131n\u0131 kurup sekt\u00f6r\u00fcn hizmetine kazand\u0131rm\u0131\u015ft\u0131r.<\/p><\/div>\n\t\t\t\t<\/div>\n\t\t\t\t<\/div>\n\t\t\t\t\t\t<\/div>\n\t\t\t\t\t<\/div>\n\t\t<\/div>\n\t\t\t\t\t\t\t\t<\/div>\n\t\t\t\t\t<\/div>\n\t\t<\/section>\n\t\t\t\t<section class=\"elementor-section elementor-top-section elementor-element elementor-element-dba42da elementor-section-boxed elementor-section-height-default elementor-section-height-default\" data-id=\"dba42da\" data-element_type=\"section\">\n\t\t\t\t\t\t<div class=\"elementor-container elementor-column-gap-default\">\n\t\t\t\t\t\t\t<div class=\"elementor-row\">\n\t\t\t\t\t<div class=\"elementor-column elementor-col-50 elementor-top-column elementor-element elementor-element-726b1cf\" data-id=\"726b1cf\" data-element_type=\"column\">\n\t\t\t<div class=\"elementor-column-wrap elementor-element-populated\">\n\t\t\t\t\t\t\t<div class=\"elementor-widget-wrap\">\n\t\t\t\t\t\t<div class=\"elementor-element elementor-element-6895824 elementor-widget elementor-widget-text-editor\" data-id=\"6895824\" data-element_type=\"widget\" data-widget_type=\"text-editor.default\">\n\t\t\t\t<div class=\"elementor-widget-container\">\n\t\t\t\t\t<div class=\"elementor-text-editor elementor-clearfix\"><h4><span style=\"font-weight: bold; color: #b01917;\">M\u0130SYONUMUZ<\/span><\/h4><p>\u00d6zel G\u00fcvenlik sekt\u00f6r\u00fcnde ya\u015fanan \u00e7a\u011fda\u015f geli\u015fimi ve de\u011fi\u015fimi yakalamak, profesyonel kadro ve teknoloji deste\u011fi ile fiziki, teknik, insani imkan ve y\u00f6ntemleri kullanarak sekt\u00f6rel ba\u015far\u0131 \u00e7izgimizi y\u00fckseltmektir. Sekt\u00f6rde \u00f6nc\u00fc, y\u00f6nlendirici, yap\u0131c\u0131, lider, g\u00fcvenilir, sayg\u0131 duyulan ve ba\u015far\u0131l\u0131 bir kurum olmay\u0131 s\u00fcrd\u00fcrmektir.<\/p><\/div>\n\t\t\t\t<\/div>\n\t\t\t\t<\/div>\n\t\t\t\t\t\t<\/div>\n\t\t\t\t\t<\/div>\n\t\t<\/div>\n\t\t\t\t<div class=\"elementor-column elementor-col-50 elementor-top-column elementor-element elementor-element-73ad35b\" data-id=\"73ad35b\" data-element_type=\"column\">\n\t\t\t<div class=\"elementor-column-wrap elementor-element-populated\">\n\t\t\t\t\t\t\t<div class=\"elementor-widget-wrap\">\n\t\t\t\t\t\t<div class=\"elementor-element elementor-element-3262066 elementor-widget elementor-widget-image\" data-id=\"3262066\" data-element_type=\"widget\" data-widget_type=\"image.default\">\n\t\t\t\t<div class=\"elementor-widget-container\">\n\t\t\t\t\t<div class=\"elementor-image\">\n\t\t\t\t\t\t\t\t\t\t<img loading=\"lazy\" decoding=\"async\" width=\"350\" height=\"250\" src=\"https:\/\/s24guvenlik.com\/wp-content\/uploads\/2021\/01\/guvenlik_vip.jpg\" class=\"attachment-large size-large\" alt=\"\" srcset=\"https:\/\/s24guvenlik.com\/wp-content\/uploads\/2021\/01\/guvenlik_vip.jpg 350w, https:\/\/s24guvenlik.com\/wp-content\/uploads\/2021\/01\/guvenlik_vip-300x214.jpg 300w\" sizes=\"(max-width: 350px) 100vw, 350px\" \/>\t\t\t\t\t\t\t\t\t\t\t<\/div>\n\t\t\t\t<\/div>\n\t\t\t\t<\/div>\n\t\t\t\t\t\t<\/div>\n\t\t\t\t\t<\/div>\n\t\t<\/div>\n\t\t\t\t\t\t\t\t<\/div>\n\t\t\t\t\t<\/div>\n\t\t<\/section>\n\t\t\t\t<section class=\"elementor-section elementor-top-section elementor-element elementor-element-f9aee50 elementor-section-boxed elementor-section-height-default elementor-section-height-default\" data-id=\"f9aee50\" data-element_type=\"section\">\n\t\t\t\t\t\t<div class=\"elementor-container elementor-column-gap-default\">\n\t\t\t\t\t\t\t<div class=\"elementor-row\">\n\t\t\t\t\t<div class=\"elementor-column elementor-col-50 elementor-top-column elementor-element elementor-element-128593f\" data-id=\"128593f\" data-element_type=\"column\">\n\t\t\t<div class=\"elementor-column-wrap elementor-element-populated\">\n\t\t\t\t\t\t\t<div class=\"elementor-widget-wrap\">\n\t\t\t\t\t\t<div class=\"elementor-element elementor-element-c4f8eb1 elementor-widget elementor-widget-text-editor\" data-id=\"c4f8eb1\" data-element_type=\"widget\" data-widget_type=\"text-editor.default\">\n\t\t\t\t<div class=\"elementor-widget-container\">\n\t\t\t\t\t<div class=\"elementor-text-editor elementor-clearfix\"><h4><span style=\"color: #993300;\"><b>V\u0130ZYONUMUZ<\/b><\/span><\/h4><p>\u00d6zel G\u00fcvenlik Sekt\u00f6r\u00fcnde ya\u015fanan \u00e7a\u011fda\u015f geli\u015fim ve de\u011fi\u015fimi yakalamak, profesyonel kadro ve teknoloji deste\u011fi ile fiziki, teknik, insani imkan ve y\u00f6ntemleri kullanarak, sekt\u00f6rel ba\u015far\u0131 \u00e7izgimizi y\u00fckseltmek, sekt\u00f6rde \u00f6nc\u00fc ve g\u00fcven duyulan kurum olmay\u0131 devam ettirmek.<\/p><\/div>\n\t\t\t\t<\/div>\n\t\t\t\t<\/div>\n\t\t\t\t\t\t<\/div>\n\t\t\t\t\t<\/div>\n\t\t<\/div>\n\t\t\t\t<div class=\"elementor-column elementor-col-50 elementor-top-column elementor-element elementor-element-38db75a\" data-id=\"38db75a\" data-element_type=\"column\">\n\t\t\t<div class=\"elementor-column-wrap elementor-element-populated\">\n\t\t\t\t\t\t\t<div class=\"elementor-widget-wrap\">\n\t\t\t\t\t\t<div class=\"elementor-element elementor-element-5560d0f elementor-widget elementor-widget-image\" data-id=\"5560d0f\" data-element_type=\"widget\" data-widget_type=\"image.default\">\n\t\t\t\t<div class=\"elementor-widget-container\">\n\t\t\t\t\t<div class=\"elementor-image\">\n\t\t\t\t\t\t\t\t\t\t<img loading=\"lazy\" decoding=\"async\" width=\"567\" height=\"381\" src=\"https:\/\/s24guvenlik.com\/wp-content\/uploads\/2021\/01\/S24DSC00033.jpg\" class=\"attachment-large size-large\" alt=\"\" srcset=\"https:\/\/s24guvenlik.com\/wp-content\/uploads\/2021\/01\/S24DSC00033.jpg 567w, https:\/\/s24guvenlik.com\/wp-content\/uploads\/2021\/01\/S24DSC00033-300x202.jpg 300w\" sizes=\"(max-width: 567px) 100vw, 567px\" \/>\t\t\t\t\t\t\t\t\t\t\t<\/div>\n\t\t\t\t<\/div>\n\t\t\t\t<\/div>\n\t\t\t\t\t\t<\/div>\n\t\t\t\t\t<\/div>\n\t\t<\/div>\n\t\t\t\t\t\t\t\t<\/div>\n\t\t\t\t\t<\/div>\n\t\t<\/section>\n\t\t\t\t<section class=\"elementor-section elementor-top-section elementor-element elementor-element-d34698e elementor-section-boxed elementor-section-height-default elementor-section-height-default\" data-id=\"d34698e\" data-element_type=\"section\">\n\t\t\t\t\t\t<div class=\"elementor-container elementor-column-gap-default\">\n\t\t\t\t\t\t\t<div class=\"elementor-row\">\n\t\t\t\t\t<div class=\"elementor-column elementor-col-50 elementor-top-column elementor-element elementor-element-04027f0\" data-id=\"04027f0\" data-element_type=\"column\">\n\t\t\t<div class=\"elementor-column-wrap elementor-element-populated\">\n\t\t\t\t\t\t\t<div class=\"elementor-widget-wrap\">\n\t\t\t\t\t\t<div class=\"elementor-element elementor-element-d47dead elementor-widget elementor-widget-image\" data-id=\"d47dead\" data-element_type=\"widget\" data-widget_type=\"image.default\">\n\t\t\t\t<div class=\"elementor-widget-container\">\n\t\t\t\t\t<div class=\"elementor-image\">\n\t\t\t\t\t\t\t\t\t\t<img loading=\"lazy\" decoding=\"async\" width=\"398\" height=\"186\" src=\"https:\/\/s24guvenlik.com\/wp-content\/uploads\/2021\/01\/egitim.jpg\" class=\"attachment-large size-large\" alt=\"\" srcset=\"https:\/\/s24guvenlik.com\/wp-content\/uploads\/2021\/01\/egitim.jpg 398w, https:\/\/s24guvenlik.com\/wp-content\/uploads\/2021\/01\/egitim-300x140.jpg 300w\" sizes=\"(max-width: 398px) 100vw, 398px\" \/>\t\t\t\t\t\t\t\t\t\t\t<\/div>\n\t\t\t\t<\/div>\n\t\t\t\t<\/div>\n\t\t\t\t\t\t<\/div>\n\t\t\t\t\t<\/div>\n\t\t<\/div>\n\t\t\t\t<div class=\"elementor-column elementor-col-50 elementor-top-column elementor-element elementor-element-ba7538d\" data-id=\"ba7538d\" data-element_type=\"column\">\n\t\t\t<div class=\"elementor-column-wrap elementor-element-populated\">\n\t\t\t\t\t\t\t<div class=\"elementor-widget-wrap\">\n\t\t\t\t\t\t<div class=\"elementor-element elementor-element-a9ca4bb elementor-widget elementor-widget-text-editor\" data-id=\"a9ca4bb\" data-element_type=\"widget\" data-widget_type=\"text-editor.default\">\n\t\t\t\t<div class=\"elementor-widget-container\">\n\t\t\t\t\t<div class=\"elementor-text-editor elementor-clearfix\"><h4><span style=\"color: #993300;\"><b>E\u011e\u0130T\u0130M<\/b><\/span><\/h4><p>\u015eirketimiz, ISO 9001:2008 sertifikas\u0131na sahip olup, bu kalite belgesinin standartlar\u0131n\u0131 en iyi \u015fekilde yerine getirip, kurum i\u00e7i ve kurum d\u0131\u015f\u0131 e\u011fitimler planlamakta ve uygulamaktad\u0131r.<\/p><\/div>\n\t\t\t\t<\/div>\n\t\t\t\t<\/div>\n\t\t\t\t\t\t<\/div>\n\t\t\t\t\t<\/div>\n\t\t<\/div>\n\t\t\t\t\t\t\t\t<\/div>\n\t\t\t\t\t<\/div>\n\t\t<\/section>\n\t\t\t\t\t\t<\/div>\n\t\t\t\t\t\t<\/div>\n\t\t\t\t\t<\/div>\n\t\t","protected":false},"excerpt":{"rendered":"<p>KURULU\u015e Devletimizin 26.06.2004 tarihinde \u00e7\u0131karm\u0131\u015f oldu\u011fu 5188 say\u0131l\u0131 \u00d6zel G\u00fcvenlik Yasas\u0131\u2019na istinaden, \u015firketimiz 2018 y\u0131l\u0131nda \u00d6zel G\u00fcvenlik \u015eirketi Faaliyet \u0130zin Belgesi\u2019ni alarak faaliyetlerine ba\u015flam\u0131\u015ft\u0131r. \u015eirketimiz yeni olmas\u0131na ra\u011fmen sekt\u00f6r deneyimimiz, \u00d6zel G\u00fcvenlik\u2019in T\u00fcrkiye\u2019de faaliyete ba\u015flad\u0131\u011f\u0131 ilk y\u0131llara dayanmaktad\u0131r. Nitekim kurucular\u0131m\u0131z daha \u00f6nce Vadi G\u00fcvenlik, Plato G\u00fcvenlik ve DFT Grup \u00d6zel G\u00fcvenlik firmalar\u0131n\u0131 kurup sekt\u00f6r\u00fcn hizmetine [&hellip;]<\/p>\n","protected":false},"author":1,"featured_media":0,"parent":0,"menu_order":0,"comment_status":"closed","ping_status":"closed","template":"","meta":{"footnotes":""},"_links":{"self":[{"href":"https:\/\/s24guvenlik.com\/index.php?rest_route=\/wp\/v2\/pages\/43"}],"collection":[{"href":"https:\/\/s24guvenlik.com\/index.php?rest_route=\/wp\/v2\/pages"}],"about":[{"href":"https:\/\/s24guvenlik.com\/index.php?rest_route=\/wp\/v2\/types\/page"}],"author":[{"embeddable":true,"href":"https:\/\/s24guvenlik.com\/index.php?rest_route=\/wp\/v2\/users\/1"}],"replies":[{"embeddable":true,"href":"https:\/\/s24guvenlik.com\/index.php?rest_route=%2Fwp%2Fv2%2Fcomments&post=43"}],"version-history":[{"count":43,"href":"https:\/\/s24guvenlik.com\/index.php?rest_route=\/wp\/v2\/pages\/43\/revisions"}],"predecessor-version":[{"id":277,"href":"https:\/\/s24guvenlik.com\/index.php?rest_route=\/wp\/v2\/pages\/43\/revisions\/277"}],"wp:attachment":[{"href":"https:\/\/s24guvenlik.com\/index.php?rest_route=%2Fwp%2Fv2%2Fmedia&parent=43"}],"curies":[{"name":"wp","href":"https:\/\/api.w.org\/{rel}","templated":true}]}}