{"id":45,"date":"2020-12-30T09:08:05","date_gmt":"2020-12-30T09:08:05","guid":{"rendered":"https:\/\/s24guvenlik.com\/?page_id=45"},"modified":"2021-01-07T12:41:38","modified_gmt":"2021-01-07T12:41:38","slug":"referanslarimiz","status":"publish","type":"page","link":"https:\/\/s24guvenlik.com\/?page_id=45","title":{"rendered":"REFERANSLARIMIZ"},"content":{"rendered":"\t\t<div data-elementor-type=\"wp-page\" data-elementor-id=\"45\" class=\"elementor elementor-45\" data-elementor-settings=\"[]\">\n\t\t\t\t\t\t<div class=\"elementor-inner\">\n\t\t\t\t\t\t\t<div class=\"elementor-section-wrap\">\n\t\t\t\t\t\t\t<section class=\"elementor-section elementor-top-section elementor-element elementor-element-3c122af elementor-section-boxed elementor-section-height-default elementor-section-height-default\" data-id=\"3c122af\" data-element_type=\"section\">\n\t\t\t\t\t\t<div class=\"elementor-container elementor-column-gap-default\">\n\t\t\t\t\t\t\t<div class=\"elementor-row\">\n\t\t\t\t\t<div class=\"elementor-column elementor-col-100 elementor-top-column elementor-element elementor-element-a72957e\" data-id=\"a72957e\" data-element_type=\"column\">\n\t\t\t<div class=\"elementor-column-wrap elementor-element-populated\">\n\t\t\t\t\t\t\t<div class=\"elementor-widget-wrap\">\n\t\t\t\t\t\t<div class=\"elementor-element elementor-element-deb40ec elementor-widget elementor-widget-heading\" data-id=\"deb40ec\" data-element_type=\"widget\" data-widget_type=\"heading.default\">\n\t\t\t\t<div class=\"elementor-widget-container\">\n\t\t\t<h2 class=\"elementor-heading-title elementor-size-default\">Kurucular\u0131m\u0131z\u0131n Referanslar\u0131<\/h2>\t\t<\/div>\n\t\t\t\t<\/div>\n\t\t\t\t\t\t<\/div>\n\t\t\t\t\t<\/div>\n\t\t<\/div>\n\t\t\t\t\t\t\t\t<\/div>\n\t\t\t\t\t<\/div>\n\t\t<\/section>\n\t\t\t\t<section class=\"elementor-section elementor-top-section elementor-element elementor-element-30c6a68 elementor-section-boxed elementor-section-height-default elementor-section-height-default\" data-id=\"30c6a68\" data-element_type=\"section\">\n\t\t\t\t\t\t<div class=\"elementor-container elementor-column-gap-default\">\n\t\t\t\t\t\t\t<div class=\"elementor-row\">\n\t\t\t\t\t<div class=\"elementor-column elementor-col-100 elementor-top-column elementor-element elementor-element-84457f0\" data-id=\"84457f0\" data-element_type=\"column\">\n\t\t\t<div class=\"elementor-column-wrap elementor-element-populated\">\n\t\t\t\t\t\t\t<div class=\"elementor-widget-wrap\">\n\t\t\t\t\t\t<div class=\"elementor-element elementor-element-cf4b78b elementor-widget elementor-widget-image-gallery\" data-id=\"cf4b78b\" data-element_type=\"widget\" data-widget_type=\"image-gallery.default\">\n\t\t\t\t<div class=\"elementor-widget-container\">\n\t\t\t\t\t<div class=\"elementor-image-gallery\">\n\t\t\t<div id='gallery-1' class='gallery galleryid-45 gallery-columns-4 gallery-size-large'><figure class='gallery-item'>\n\t\t\t<div class='gallery-icon landscape'>\n\t\t\t\t<a data-elementor-open-lightbox=\"yes\" data-elementor-lightbox-slideshow=\"cf4b78b\" data-elementor-lightbox-title=\"ref_seyfidemirsoy\" href='https:\/\/s24guvenlik.com\/wp-content\/uploads\/2021\/01\/ref_seyfidemirsoy.jpg'><img loading=\"lazy\" decoding=\"async\" width=\"623\" height=\"584\" src=\"https:\/\/s24guvenlik.com\/wp-content\/uploads\/2021\/01\/ref_seyfidemirsoy.jpg\" class=\"attachment-large size-large\" alt=\"\" srcset=\"https:\/\/s24guvenlik.com\/wp-content\/uploads\/2021\/01\/ref_seyfidemirsoy.jpg 623w, https:\/\/s24guvenlik.com\/wp-content\/uploads\/2021\/01\/ref_seyfidemirsoy-300x281.jpg 300w\" sizes=\"(max-width: 623px) 100vw, 623px\" \/><\/a>\n\t\t\t<\/div><\/figure><figure class='gallery-item'>\n\t\t\t<div class='gallery-icon landscape'>\n\t\t\t\t<a data-elementor-open-lightbox=\"yes\" data-elementor-lightbox-slideshow=\"cf4b78b\" data-elementor-lightbox-title=\"ref_ataturkhastane\" href='https:\/\/s24guvenlik.com\/wp-content\/uploads\/2021\/01\/ref_ataturkhastane.jpg'><img loading=\"lazy\" decoding=\"async\" width=\"623\" height=\"584\" src=\"https:\/\/s24guvenlik.com\/wp-content\/uploads\/2021\/01\/ref_ataturkhastane.jpg\" class=\"attachment-large size-large\" alt=\"\" srcset=\"https:\/\/s24guvenlik.com\/wp-content\/uploads\/2021\/01\/ref_ataturkhastane.jpg 623w, https:\/\/s24guvenlik.com\/wp-content\/uploads\/2021\/01\/ref_ataturkhastane-300x281.jpg 300w\" sizes=\"(max-width: 623px) 100vw, 623px\" \/><\/a>\n\t\t\t<\/div><\/figure><figure class='gallery-item'>\n\t\t\t<div class='gallery-icon landscape'>\n\t\t\t\t<a data-elementor-open-lightbox=\"yes\" data-elementor-lightbox-slideshow=\"cf4b78b\" data-elementor-lightbox-title=\"ref_bozyakahastane\" href='https:\/\/s24guvenlik.com\/wp-content\/uploads\/2021\/01\/ref_bozyakahastane.jpg'><img loading=\"lazy\" decoding=\"async\" width=\"623\" height=\"584\" src=\"https:\/\/s24guvenlik.com\/wp-content\/uploads\/2021\/01\/ref_bozyakahastane.jpg\" class=\"attachment-large size-large\" alt=\"\" srcset=\"https:\/\/s24guvenlik.com\/wp-content\/uploads\/2021\/01\/ref_bozyakahastane.jpg 623w, https:\/\/s24guvenlik.com\/wp-content\/uploads\/2021\/01\/ref_bozyakahastane-300x281.jpg 300w\" sizes=\"(max-width: 623px) 100vw, 623px\" \/><\/a>\n\t\t\t<\/div><\/figure><figure class='gallery-item'>\n\t\t\t<div class='gallery-icon landscape'>\n\t\t\t\t<a data-elementor-open-lightbox=\"yes\" data-elementor-lightbox-slideshow=\"cf4b78b\" data-elementor-lightbox-title=\"ref_nevvarsalihhastane\" href='https:\/\/s24guvenlik.com\/wp-content\/uploads\/2021\/01\/ref_nevvarsalihhastane.jpg'><img loading=\"lazy\" decoding=\"async\" width=\"623\" height=\"584\" src=\"https:\/\/s24guvenlik.com\/wp-content\/uploads\/2021\/01\/ref_nevvarsalihhastane.jpg\" class=\"attachment-large size-large\" alt=\"\" srcset=\"https:\/\/s24guvenlik.com\/wp-content\/uploads\/2021\/01\/ref_nevvarsalihhastane.jpg 623w, https:\/\/s24guvenlik.com\/wp-content\/uploads\/2021\/01\/ref_nevvarsalihhastane-300x281.jpg 300w\" sizes=\"(max-width: 623px) 100vw, 623px\" \/><\/a>\n\t\t\t<\/div><\/figure><figure class='gallery-item'>\n\t\t\t<div class='gallery-icon landscape'>\n\t\t\t\t<a data-elementor-open-lightbox=\"yes\" data-elementor-lightbox-slideshow=\"cf4b78b\" data-elementor-lightbox-title=\"ref_konak_belediyesi\" href='https:\/\/s24guvenlik.com\/wp-content\/uploads\/2021\/01\/ref_konak_belediyesi.jpg'><img loading=\"lazy\" decoding=\"async\" width=\"623\" height=\"584\" src=\"https:\/\/s24guvenlik.com\/wp-content\/uploads\/2021\/01\/ref_konak_belediyesi.jpg\" class=\"attachment-large size-large\" alt=\"\" srcset=\"https:\/\/s24guvenlik.com\/wp-content\/uploads\/2021\/01\/ref_konak_belediyesi.jpg 623w, https:\/\/s24guvenlik.com\/wp-content\/uploads\/2021\/01\/ref_konak_belediyesi-300x281.jpg 300w\" sizes=\"(max-width: 623px) 100vw, 623px\" \/><\/a>\n\t\t\t<\/div><\/figure><figure class='gallery-item'>\n\t\t\t<div class='gallery-icon landscape'>\n\t\t\t\t<a data-elementor-open-lightbox=\"yes\" data-elementor-lightbox-slideshow=\"cf4b78b\" data-elementor-lightbox-title=\"ref_karabaglarbelediye\" href='https:\/\/s24guvenlik.com\/wp-content\/uploads\/2021\/01\/ref_karabaglarbelediye.jpg'><img loading=\"lazy\" decoding=\"async\" width=\"623\" height=\"584\" src=\"https:\/\/s24guvenlik.com\/wp-content\/uploads\/2021\/01\/ref_karabaglarbelediye.jpg\" class=\"attachment-large size-large\" alt=\"\" srcset=\"https:\/\/s24guvenlik.com\/wp-content\/uploads\/2021\/01\/ref_karabaglarbelediye.jpg 623w, https:\/\/s24guvenlik.com\/wp-content\/uploads\/2021\/01\/ref_karabaglarbelediye-300x281.jpg 300w\" sizes=\"(max-width: 623px) 100vw, 623px\" \/><\/a>\n\t\t\t<\/div><\/figure><figure class='gallery-item'>\n\t\t\t<div class='gallery-icon landscape'>\n\t\t\t\t<a data-elementor-open-lightbox=\"yes\" data-elementor-lightbox-slideshow=\"cf4b78b\" data-elementor-lightbox-title=\"ref_buca_belediyesi\" href='https:\/\/s24guvenlik.com\/wp-content\/uploads\/2021\/01\/ref_buca_belediyesi.jpg'><img loading=\"lazy\" decoding=\"async\" width=\"623\" height=\"584\" src=\"https:\/\/s24guvenlik.com\/wp-content\/uploads\/2021\/01\/ref_buca_belediyesi.jpg\" class=\"attachment-large size-large\" alt=\"\" srcset=\"https:\/\/s24guvenlik.com\/wp-content\/uploads\/2021\/01\/ref_buca_belediyesi.jpg 623w, https:\/\/s24guvenlik.com\/wp-content\/uploads\/2021\/01\/ref_buca_belediyesi-300x281.jpg 300w\" sizes=\"(max-width: 623px) 100vw, 623px\" \/><\/a>\n\t\t\t<\/div><\/figure><figure class='gallery-item'>\n\t\t\t<div class='gallery-icon landscape'>\n\t\t\t\t<a data-elementor-open-lightbox=\"yes\" data-elementor-lightbox-slideshow=\"cf4b78b\" data-elementor-lightbox-title=\"ref_aile_bakanlik\" href='https:\/\/s24guvenlik.com\/wp-content\/uploads\/2021\/01\/ref_aile_bakanlik.jpg'><img loading=\"lazy\" decoding=\"async\" width=\"623\" height=\"584\" src=\"https:\/\/s24guvenlik.com\/wp-content\/uploads\/2021\/01\/ref_aile_bakanlik.jpg\" class=\"attachment-large size-large\" alt=\"\" srcset=\"https:\/\/s24guvenlik.com\/wp-content\/uploads\/2021\/01\/ref_aile_bakanlik.jpg 623w, https:\/\/s24guvenlik.com\/wp-content\/uploads\/2021\/01\/ref_aile_bakanlik-300x281.jpg 300w\" sizes=\"(max-width: 623px) 100vw, 623px\" \/><\/a>\n\t\t\t<\/div><\/figure><figure class='gallery-item'>\n\t\t\t<div class='gallery-icon landscape'>\n\t\t\t\t<a data-elementor-open-lightbox=\"yes\" data-elementor-lightbox-slideshow=\"cf4b78b\" data-elementor-lightbox-title=\"ref_ilgocidaresi\" href='https:\/\/s24guvenlik.com\/wp-content\/uploads\/2021\/01\/ref_ilgocidaresi.jpg'><img loading=\"lazy\" decoding=\"async\" width=\"623\" height=\"584\" src=\"https:\/\/s24guvenlik.com\/wp-content\/uploads\/2021\/01\/ref_ilgocidaresi.jpg\" class=\"attachment-large size-large\" alt=\"\" srcset=\"https:\/\/s24guvenlik.com\/wp-content\/uploads\/2021\/01\/ref_ilgocidaresi.jpg 623w, https:\/\/s24guvenlik.com\/wp-content\/uploads\/2021\/01\/ref_ilgocidaresi-300x281.jpg 300w\" sizes=\"(max-width: 623px) 100vw, 623px\" \/><\/a>\n\t\t\t<\/div><\/figure><figure class='gallery-item'>\n\t\t\t<div class='gallery-icon landscape'>\n\t\t\t\t<a data-elementor-open-lightbox=\"yes\" data-elementor-lightbox-slideshow=\"cf4b78b\" data-elementor-lightbox-title=\"ref_ozpoyraz\" href='https:\/\/s24guvenlik.com\/wp-content\/uploads\/2021\/01\/ref_ozpoyraz.jpg'><img loading=\"lazy\" decoding=\"async\" width=\"623\" height=\"584\" src=\"https:\/\/s24guvenlik.com\/wp-content\/uploads\/2021\/01\/ref_ozpoyraz.jpg\" class=\"attachment-large size-large\" alt=\"\" srcset=\"https:\/\/s24guvenlik.com\/wp-content\/uploads\/2021\/01\/ref_ozpoyraz.jpg 623w, https:\/\/s24guvenlik.com\/wp-content\/uploads\/2021\/01\/ref_ozpoyraz-300x281.jpg 300w\" sizes=\"(max-width: 623px) 100vw, 623px\" \/><\/a>\n\t\t\t<\/div><\/figure><figure class='gallery-item'>\n\t\t\t<div class='gallery-icon landscape'>\n\t\t\t\t<a data-elementor-open-lightbox=\"yes\" data-elementor-lightbox-slideshow=\"cf4b78b\" data-elementor-lightbox-title=\"ref_tinaztepe\" href='https:\/\/s24guvenlik.com\/wp-content\/uploads\/2021\/01\/ref_tinaztepe.jpg'><img loading=\"lazy\" decoding=\"async\" width=\"623\" height=\"584\" src=\"https:\/\/s24guvenlik.com\/wp-content\/uploads\/2021\/01\/ref_tinaztepe.jpg\" class=\"attachment-large size-large\" alt=\"\" srcset=\"https:\/\/s24guvenlik.com\/wp-content\/uploads\/2021\/01\/ref_tinaztepe.jpg 623w, https:\/\/s24guvenlik.com\/wp-content\/uploads\/2021\/01\/ref_tinaztepe-300x281.jpg 300w\" sizes=\"(max-width: 623px) 100vw, 623px\" \/><\/a>\n\t\t\t<\/div><\/figure>\n\t\t<\/div>\n\t\t<\/div>\n\t\t\t\t<\/div>\n\t\t\t\t<\/div>\n\t\t\t\t\t\t<\/div>\n\t\t\t\t\t<\/div>\n\t\t<\/div>\n\t\t\t\t\t\t\t\t<\/div>\n\t\t\t\t\t<\/div>\n\t\t<\/section>\n\t\t\t\t<section class=\"elementor-section elementor-top-section elementor-element elementor-element-56475fc elementor-section-boxed elementor-section-height-default elementor-section-height-default\" data-id=\"56475fc\" data-element_type=\"section\">\n\t\t\t\t\t\t<div class=\"elementor-container elementor-column-gap-default\">\n\t\t\t\t\t\t\t<div class=\"elementor-row\">\n\t\t\t\t\t<div class=\"elementor-column elementor-col-100 elementor-top-column elementor-element elementor-element-06d8c1a\" data-id=\"06d8c1a\" data-element_type=\"column\">\n\t\t\t<div class=\"elementor-column-wrap elementor-element-populated\">\n\t\t\t\t\t\t\t<div class=\"elementor-widget-wrap\">\n\t\t\t\t\t\t\t\t<\/div>\n\t\t\t\t\t<\/div>\n\t\t<\/div>\n\t\t\t\t\t\t\t\t<\/div>\n\t\t\t\t\t<\/div>\n\t\t<\/section>\n\t\t\t\t\t\t<\/div>\n\t\t\t\t\t\t<\/div>\n\t\t\t\t\t<\/div>\n\t\t","protected":false},"excerpt":{"rendered":"<p>Kurucular\u0131m\u0131z\u0131n Referanslar\u0131<\/p>\n","protected":false},"author":1,"featured_media":0,"parent":0,"menu_order":0,"comment_status":"closed","ping_status":"closed","template":"","meta":{"footnotes":""},"_links":{"self":[{"href":"https:\/\/s24guvenlik.com\/index.php?rest_route=\/wp\/v2\/pages\/45"}],"collection":[{"href":"https:\/\/s24guvenlik.com\/index.php?rest_route=\/wp\/v2\/pages"}],"about":[{"href":"https:\/\/s24guvenlik.com\/index.php?rest_route=\/wp\/v2\/types\/page"}],"author":[{"embeddable":true,"href":"https:\/\/s24guvenlik.com\/index.php?rest_route=\/wp\/v2\/users\/1"}],"replies":[{"embeddable":true,"href":"https:\/\/s24guvenlik.com\/index.php?rest_route=%2Fwp%2Fv2%2Fcomments&post=45"}],"version-history":[{"count":43,"href":"https:\/\/s24guvenlik.com\/index.php?rest_route=\/wp\/v2\/pages\/45\/revisions"}],"predecessor-version":[{"id":281,"href":"https:\/\/s24guvenlik.com\/index.php?rest_route=\/wp\/v2\/pages\/45\/revisions\/281"}],"wp:attachment":[{"href":"https:\/\/s24guvenlik.com\/index.php?rest_route=%2Fwp%2Fv2%2Fmedia&parent=45"}],"curies":[{"name":"wp","href":"https:\/\/api.w.org\/{rel}","templated":true}]}}